{"id":5739,"date":"2025-10-29T15:12:43","date_gmt":"2025-10-29T15:12:43","guid":{"rendered":"https:\/\/villa-vrata-jadrana.com\/?page_id=5739"},"modified":"2025-10-29T15:15:30","modified_gmt":"2025-10-29T15:15:30","slug":"uvjeti-koristenja","status":"publish","type":"page","link":"https:\/\/villa-vrata-jadrana.com\/de\/uvjeti-koristenja\/","title":{"rendered":"Nutzungsbedingungen"},"content":{"rendered":"<p class=\" translation-block\">Der Inhalt der Website villa-vrata-jadrana.com dient ausschlie\u00dflich Informationszwecken \u00fcber die Unterkunft und die Verf\u00fcgbarkeit der Villa.\nDas Absenden einer Anfrage \u00fcber das Kontaktformular stellt keine best\u00e4tigte Reservierung dar; die Best\u00e4tigung der Verf\u00fcgbarkeit und der Buchungsbedingungen erfolgt direkt durch den Eigent\u00fcmer per E-Mail oder Telefon.<\/p>\n\n\n\n<p>Villa Vrata Jadrana \u00fcbernimmt keine Haftung f\u00fcr die vor\u00fcbergehende Nichtverf\u00fcgbarkeit der Website, m\u00f6gliche Fehler im Inhalt oder Links zu externen Websites.<\/p>\n\n\n\n<h5 class=\"wp-block-heading\">Letzte Aktualisierung:<\/h5>\n\n\n\n<ol start=\"27\" class=\"wp-block-list\">\n<li>10.2025<\/li>\n<\/ol>\n\n\n\n<p><\/p>","protected":false},"excerpt":{"rendered":"<p>Sadr\u017eaj web-stranice villa-vrata-jadrana.com slu\u017ei isklju\u010divo u informativne svrhe o smje\u0161taju i dostupnosti vile.Slanje upita putem obrasca ne predstavlja potvr\u0111enu rezervaciju; potvrdu dostupnosti i uvjeta smje\u0161taja vlasnik dostavlja izravno putem e-po\u0161te ili telefona. Villa Vrata Jadrana ne snosi odgovornost za privremenu nedostupnost web-stranice, eventualne pogre\u0161ke u sadr\u017eaju ili poveznice prema vanjskim stranicama. Datum posljednje izmjene<\/p>","protected":false},"author":1,"featured_media":0,"parent":0,"menu_order":0,"comment_status":"closed","ping_status":"closed","template":"","meta":{"footnotes":""},"class_list":["post-5739","page","type-page","status-publish","hentry","page--item"],"yoast_head":"<!-- This site is optimized with the Yoast SEO plugin v26.2 - https:\/\/yoast.com\/wordpress\/plugins\/seo\/ -->\n<title>Uvjeti kori\u0161tenja - Villa Vrata Jadrana<\/title>\n<meta name=\"robots\" content=\"index, follow, max-snippet:-1, max-image-preview:large, max-video-preview:-1\" \/>\n<link rel=\"canonical\" href=\"https:\/\/villa-vrata-jadrana.com\/de\/uvjeti-koristenja\/\" \/>\n<meta property=\"og:locale\" content=\"de_DE\" \/>\n<meta property=\"og:type\" content=\"article\" \/>\n<meta property=\"og:title\" content=\"Uvjeti kori\u0161tenja - Villa Vrata Jadrana\" \/>\n<meta property=\"og:description\" content=\"Sadr\u017eaj web-stranice villa-vrata-jadrana.com slu\u017ei isklju\u010divo u informativne svrhe o smje\u0161taju i dostupnosti vile.Slanje upita putem obrasca ne predstavlja potvr\u0111enu rezervaciju; potvrdu dostupnosti i uvjeta smje\u0161taja vlasnik dostavlja izravno putem e-po\u0161te ili telefona. Villa Vrata Jadrana ne snosi odgovornost za privremenu nedostupnost web-stranice, eventualne pogre\u0161ke u sadr\u017eaju ili poveznice prema vanjskim stranicama. Datum posljednje izmjene\" \/>\n<meta property=\"og:url\" content=\"https:\/\/villa-vrata-jadrana.com\/de\/uvjeti-koristenja\/\" \/>\n<meta property=\"og:site_name\" content=\"Villa Vrata Jadrana\" \/>\n<meta property=\"article:modified_time\" content=\"2025-10-29T15:15:30+00:00\" \/>\n<meta name=\"twitter:card\" content=\"summary_large_image\" \/>\n<script type=\"application\/ld+json\" class=\"yoast-schema-graph\">{\"@context\":\"https:\/\/schema.org\",\"@graph\":[{\"@type\":\"WebPage\",\"@id\":\"https:\/\/villa-vrata-jadrana.com\/uvjeti-koristenja\/\",\"url\":\"https:\/\/villa-vrata-jadrana.com\/uvjeti-koristenja\/\",\"name\":\"Uvjeti kori\u0161tenja - Villa Vrata Jadrana\",\"isPartOf\":{\"@id\":\"https:\/\/villa-vrata-jadrana.com\/#website\"},\"datePublished\":\"2025-10-29T15:12:43+00:00\",\"dateModified\":\"2025-10-29T15:15:30+00:00\",\"breadcrumb\":{\"@id\":\"https:\/\/villa-vrata-jadrana.com\/uvjeti-koristenja\/#breadcrumb\"},\"inLanguage\":\"de\",\"potentialAction\":[{\"@type\":\"ReadAction\",\"target\":[\"https:\/\/villa-vrata-jadrana.com\/uvjeti-koristenja\/\"]}]},{\"@type\":\"BreadcrumbList\",\"@id\":\"https:\/\/villa-vrata-jadrana.com\/uvjeti-koristenja\/#breadcrumb\",\"itemListElement\":[{\"@type\":\"ListItem\",\"position\":1,\"name\":\"Po\u010detna stranica\",\"item\":\"https:\/\/villa-vrata-jadrana.com\/\"},{\"@type\":\"ListItem\",\"position\":2,\"name\":\"Uvjeti kori\u0161tenja\"}]},{\"@type\":\"WebSite\",\"@id\":\"https:\/\/villa-vrata-jadrana.com\/#website\",\"url\":\"https:\/\/villa-vrata-jadrana.com\/\",\"name\":\"Villa Vrata Jadrana\",\"description\":\"Odmor Iz Snova\",\"publisher\":{\"@id\":\"https:\/\/villa-vrata-jadrana.com\/#organization\"},\"potentialAction\":[{\"@type\":\"SearchAction\",\"target\":{\"@type\":\"EntryPoint\",\"urlTemplate\":\"https:\/\/villa-vrata-jadrana.com\/?s={search_term_string}\"},\"query-input\":{\"@type\":\"PropertyValueSpecification\",\"valueRequired\":true,\"valueName\":\"search_term_string\"}}],\"inLanguage\":\"de\"},{\"@type\":\"Organization\",\"@id\":\"https:\/\/villa-vrata-jadrana.com\/#organization\",\"name\":\"Villa Vrata Jadrana\",\"url\":\"https:\/\/villa-vrata-jadrana.com\/\",\"logo\":{\"@type\":\"ImageObject\",\"inLanguage\":\"de\",\"@id\":\"https:\/\/villa-vrata-jadrana.com\/#\/schema\/logo\/image\/\",\"url\":\"https:\/\/villa-vrata-jadrana.com\/wp-content\/uploads\/2024\/05\/vrata-jadrana-logo-black.png\",\"contentUrl\":\"https:\/\/villa-vrata-jadrana.com\/wp-content\/uploads\/2024\/05\/vrata-jadrana-logo-black.png\",\"width\":695,\"height\":192,\"caption\":\"Villa Vrata Jadrana\"},\"image\":{\"@id\":\"https:\/\/villa-vrata-jadrana.com\/#\/schema\/logo\/image\/\"}}]}<\/script>\n<!-- \/ Yoast SEO plugin. -->","yoast_head_json":{"title":"Uvjeti kori\u0161tenja - Villa Vrata Jadrana","robots":{"index":"index","follow":"follow","max-snippet":"max-snippet:-1","max-image-preview":"max-image-preview:large","max-video-preview":"max-video-preview:-1"},"canonical":"https:\/\/villa-vrata-jadrana.com\/de\/uvjeti-koristenja\/","og_locale":"de_DE","og_type":"article","og_title":"Uvjeti kori\u0161tenja - Villa Vrata Jadrana","og_description":"Sadr\u017eaj web-stranice villa-vrata-jadrana.com slu\u017ei isklju\u010divo u informativne svrhe o smje\u0161taju i dostupnosti vile.Slanje upita putem obrasca ne predstavlja potvr\u0111enu rezervaciju; potvrdu dostupnosti i uvjeta smje\u0161taja vlasnik dostavlja izravno putem e-po\u0161te ili telefona. Villa Vrata Jadrana ne snosi odgovornost za privremenu nedostupnost web-stranice, eventualne pogre\u0161ke u sadr\u017eaju ili poveznice prema vanjskim stranicama. Datum posljednje izmjene","og_url":"https:\/\/villa-vrata-jadrana.com\/de\/uvjeti-koristenja\/","og_site_name":"Villa Vrata Jadrana","article_modified_time":"2025-10-29T15:15:30+00:00","twitter_card":"summary_large_image","schema":{"@context":"https:\/\/schema.org","@graph":[{"@type":"WebPage","@id":"https:\/\/villa-vrata-jadrana.com\/uvjeti-koristenja\/","url":"https:\/\/villa-vrata-jadrana.com\/uvjeti-koristenja\/","name":"Uvjeti kori\u0161tenja - Villa Vrata Jadrana","isPartOf":{"@id":"https:\/\/villa-vrata-jadrana.com\/#website"},"datePublished":"2025-10-29T15:12:43+00:00","dateModified":"2025-10-29T15:15:30+00:00","breadcrumb":{"@id":"https:\/\/villa-vrata-jadrana.com\/uvjeti-koristenja\/#breadcrumb"},"inLanguage":"de","potentialAction":[{"@type":"ReadAction","target":["https:\/\/villa-vrata-jadrana.com\/uvjeti-koristenja\/"]}]},{"@type":"BreadcrumbList","@id":"https:\/\/villa-vrata-jadrana.com\/uvjeti-koristenja\/#breadcrumb","itemListElement":[{"@type":"ListItem","position":1,"name":"Po\u010detna stranica","item":"https:\/\/villa-vrata-jadrana.com\/"},{"@type":"ListItem","position":2,"name":"Uvjeti kori\u0161tenja"}]},{"@type":"WebSite","@id":"https:\/\/villa-vrata-jadrana.com\/#website","url":"https:\/\/villa-vrata-jadrana.com\/","name":"Villa Vrata Jadrana","description":"Odmor Iz Snova","publisher":{"@id":"https:\/\/villa-vrata-jadrana.com\/#organization"},"potentialAction":[{"@type":"SearchAction","target":{"@type":"EntryPoint","urlTemplate":"https:\/\/villa-vrata-jadrana.com\/?s={search_term_string}"},"query-input":{"@type":"PropertyValueSpecification","valueRequired":true,"valueName":"search_term_string"}}],"inLanguage":"de"},{"@type":"Organization","@id":"https:\/\/villa-vrata-jadrana.com\/#organization","name":"Villa Vrata Jadrana","url":"https:\/\/villa-vrata-jadrana.com\/","logo":{"@type":"ImageObject","inLanguage":"de","@id":"https:\/\/villa-vrata-jadrana.com\/#\/schema\/logo\/image\/","url":"https:\/\/villa-vrata-jadrana.com\/wp-content\/uploads\/2024\/05\/vrata-jadrana-logo-black.png","contentUrl":"https:\/\/villa-vrata-jadrana.com\/wp-content\/uploads\/2024\/05\/vrata-jadrana-logo-black.png","width":695,"height":192,"caption":"Villa Vrata Jadrana"},"image":{"@id":"https:\/\/villa-vrata-jadrana.com\/#\/schema\/logo\/image\/"}}]}},"_links":{"self":[{"href":"https:\/\/villa-vrata-jadrana.com\/de\/wp-json\/wp\/v2\/pages\/5739","targetHints":{"allow":["GET"]}}],"collection":[{"href":"https:\/\/villa-vrata-jadrana.com\/de\/wp-json\/wp\/v2\/pages"}],"about":[{"href":"https:\/\/villa-vrata-jadrana.com\/de\/wp-json\/wp\/v2\/types\/page"}],"author":[{"embeddable":true,"href":"https:\/\/villa-vrata-jadrana.com\/de\/wp-json\/wp\/v2\/users\/1"}],"replies":[{"embeddable":true,"href":"https:\/\/villa-vrata-jadrana.com\/de\/wp-json\/wp\/v2\/comments?post=5739"}],"version-history":[{"count":5,"href":"https:\/\/villa-vrata-jadrana.com\/de\/wp-json\/wp\/v2\/pages\/5739\/revisions"}],"predecessor-version":[{"id":5750,"href":"https:\/\/villa-vrata-jadrana.com\/de\/wp-json\/wp\/v2\/pages\/5739\/revisions\/5750"}],"wp:attachment":[{"href":"https:\/\/villa-vrata-jadrana.com\/de\/wp-json\/wp\/v2\/media?parent=5739"}],"curies":[{"name":"wp","href":"https:\/\/api.w.org\/{rel}","templated":true}]}}