{"id":5904,"date":"2025-10-31T18:04:56","date_gmt":"2025-10-31T18:04:56","guid":{"rendered":"https:\/\/villa-vrata-jadrana.com\/?page_id=5904"},"modified":"2026-03-06T09:08:41","modified_gmt":"2026-03-06T09:08:41","slug":"reservations","status":"publish","type":"page","link":"https:\/\/villa-vrata-jadrana.com\/de\/reservations\/","title":{"rendered":"Reservierungen"},"content":{"rendered":"<div data-elementor-type=\"wp-page\" data-elementor-id=\"5904\" class=\"elementor elementor-5904\">\n\t\t\t\t<div class=\"elementor-element elementor-element-989c140 e-con-full e-flex e-con e-parent\" data-id=\"989c140\" data-element_type=\"container\" data-settings=\"{&quot;background_background&quot;:&quot;classic&quot;}\">\n\t\t<div class=\"elementor-element elementor-element-6497b04 e-flex e-con-boxed e-con e-child\" data-id=\"6497b04\" data-element_type=\"container\">\n\t\t\t\t\t<div class=\"e-con-inner\">\n\t\t\t\t<div class=\"elementor-element elementor-element-59f5cd9 animated-slow elementor-invisible elementor-widget elementor-widget-realarsectiontitle\" data-id=\"59f5cd9\" data-element_type=\"widget\" data-settings=\"{&quot;_animation&quot;:&quot;fadeIn&quot;,&quot;_animation_delay&quot;:300}\" data-widget_type=\"realarsectiontitle.default\">\n\t\t\t\t<div class=\"elementor-widget-container\">\n\t\t\t\t\t\t\t<div class=\"title-area text-center\">\r\n\t\t\t<h2 class=\"sec-title\">Reservierungsanfrage<\/h2><p>Pr\u00fcfen Sie Ihren Wunschtermin und f\u00fcllen Sie das Formular unten aus.\nNachdem Sie Ihre Anfrage gesendet haben, \u00fcberpr\u00fcft der Eigent\u00fcmer die Verf\u00fcgbarkeit und meldet sich mit einer Best\u00e4tigung bei Ihnen.\nDie Reservierung ist erst g\u00fcltig, wenn Sie eine offizielle Best\u00e4tigung per E-Mail erhalten haben.<\/p>\t\t<\/div>\r\n\r\n\t\t\t\t\t<\/div>\n\t\t\t\t<\/div>\n\t\t\t\t<div class=\"elementor-element elementor-element-b7b0d9d elementor-widget elementor-widget-realarcontactinfo\" data-id=\"b7b0d9d\" data-element_type=\"widget\" data-widget_type=\"realarcontactinfo.default\">\n\t\t\t\t<div class=\"elementor-widget-container\">\n\t\t\t\t\t<div class=\"row gy-4 justify-content-center\"><div class=\"col-xl-4 col-lg-6\"><div class=\"about-contact-grid style2\"><div class=\"about-contact-icon\"><i class=\"fal fa-location-dot\"><\/i><\/div><div class=\"about-contact-details\"><h6 class=\"about-contact-details-title title\">Adresse<\/h6><div class=\"info\"><p class=\"about-contact-details-text\"><a href=\"https:\/\/maps.app.goo.gl\/kfyEU6pTkSbqU9Es6\">Ul. Jurja Dobrile 31, 51000,\u00a0Rijeka<\/a><\/p><\/div><\/div><\/div><\/div><div class=\"col-xl-4 col-lg-6\"><div class=\"about-contact-grid style2\"><div class=\"about-contact-icon\"><i class=\"fal fa-phone\"><\/i><\/div><div class=\"about-contact-details\"><h6 class=\"about-contact-details-title title\">Kontakt<\/h6><div class=\"info\"><p><a href=\"tel: 385919361083\">+385 91 936 1083<\/a><br \/><a href=\"tel: 385 91 9269487\">+385 91 926 9487<\/a><\/p><\/div><\/div><\/div><\/div><div class=\"col-xl-4 col-lg-6\"><div class=\"about-contact-grid style2\"><div class=\"about-contact-icon\"><i class=\"fal fa-envelope\"><\/i><\/div><div class=\"about-contact-details\"><h6 class=\"about-contact-details-title title\">Email<\/h6><div class=\"info\"><p><a href=\"mailto:marina3seifert@gmail.com\">marina3seifert@gmail.com<\/a><\/p><\/div><\/div><\/div><\/div><\/div>\t\t\t\t<\/div>\n\t\t\t\t<\/div>\n\t\t\t\t\t<\/div>\n\t\t\t\t<\/div>\n\t\t\t\t<\/div>\n\t\t<div class=\"elementor-element elementor-element-9f67db0 e-flex e-con-boxed e-con e-parent\" data-id=\"9f67db0\" data-element_type=\"container\">\n\t\t\t\t\t<div class=\"e-con-inner\">\n\t\t\t\t<div class=\"elementor-element elementor-element-632b1ba elementor-widget elementor-widget-text-editor\" data-id=\"632b1ba\" data-element_type=\"widget\" data-widget_type=\"text-editor.default\">\n\t\t\t\t\t\t\t\t\t<p>Die Mindestbuchungsdauer betr\u00e4gt 7 Tage \u2013 von Samstag bis Samstag.<\/p>\t\t\t\t\t\t\t\t<\/div>\n\t\t\t\t<div class=\"elementor-element elementor-element-94c63ac elementor-widget elementor-widget-shortcode\" data-id=\"94c63ac\" data-element_type=\"widget\" data-widget_type=\"shortcode.default\">\n\t\t\t\t\t\t\t<div class=\"elementor-shortcode\">\n<table id=\"tablepress-2\" class=\"tablepress tablepress-id-2\">\n<thead>\n<tr class=\"row-1\">\n\t<th class=\"column-1\">Zeitraum <\/th><th class=\"column-2\">Preis (\u20ac)<\/th>\n<\/tr>\n<\/thead>\n<tbody>\n<tr class=\"row-2\">\n\t<td class=\"column-1\">18.04 -15.05<\/td><td class=\"column-2\">290,00<\/td>\n<\/tr>\n<tr class=\"row-3\">\n\t<td class=\"column-1\">16.05 \u2013 06.06<\/td><td class=\"column-2\">310,00<\/td>\n<\/tr>\n<tr class=\"row-4\">\n\t<td class=\"column-1\">06.06 \u2013 03.07<\/td><td class=\"column-2\">390,00<\/td>\n<\/tr>\n<tr class=\"row-5\">\n\t<td class=\"column-1\">04.07 \u2013 21.08<\/td><td class=\"column-2\">560,00<\/td>\n<\/tr>\n<tr class=\"row-6\">\n\t<td class=\"column-1\">22.08 \u2013 28.08<\/td><td class=\"column-2\">450,00<\/td>\n<\/tr>\n<tr class=\"row-7\">\n\t<td class=\"column-1\">29.08 \u2013 11.09<\/td><td class=\"column-2\">390,00<\/td>\n<\/tr>\n<tr class=\"row-8\">\n\t<td class=\"column-1\">12.09 \u2013 18.09<\/td><td class=\"column-2\">310,00<\/td>\n<\/tr>\n<tr class=\"row-9\">\n\t<td class=\"column-1\">19.09 \u2013 25.09<\/td><td class=\"column-2\">290,00<\/td>\n<\/tr>\n<tr class=\"row-10\">\n\t<td class=\"column-1\">26.09 \u2013 30.10<\/td><td class=\"column-2\">270,00<\/td>\n<\/tr>\n<\/tbody>\n<\/table>\n<!-- #tablepress-2 from cache --><\/div>\n\t\t\t\t\t\t<\/div>\n\t\t\t\t\t<\/div>\n\t\t\t\t<\/div>\n\t\t<div class=\"elementor-element elementor-element-63e1169 e-con-full e-flex e-con e-parent\" data-id=\"63e1169\" data-element_type=\"container\" data-settings=\"{&quot;background_background&quot;:&quot;classic&quot;}\">\n\t\t\t\t<div class=\"elementor-element elementor-element-d076773 elementor-widget elementor-widget-realarshapeimage\" data-id=\"d076773\" data-element_type=\"widget\" data-widget_type=\"realarshapeimage.default\">\n\t\t\t\t<div class=\"elementor-widget-container\">\n\t\t\t\t\t<!-- Image --><div class=\"shape-mockup  jump d-xl-block d-none\" data-top=\"60%\" data-left=\"0.1%\"><img decoding=\"async\" src=\"https:\/\/villa-vrata-jadrana.com\/wp-content\/uploads\/2025\/10\/phone-1.png\" alt=\"Shape Image\" ><\/div><!-- End Image -->\t\t\t\t<\/div>\n\t\t\t\t<\/div>\n\t\t<div class=\"elementor-element elementor-element-74df1d8 e-flex e-con-boxed e-con e-child\" data-id=\"74df1d8\" data-element_type=\"container\" data-settings=\"{&quot;background_background&quot;:&quot;classic&quot;}\">\n\t\t\t\t\t<div class=\"e-con-inner\">\n\t\t<div class=\"elementor-element elementor-element-95c08e6 e-con-full e-flex e-con e-child\" data-id=\"95c08e6\" data-element_type=\"container\">\n\t\t\t\t<div class=\"elementor-element elementor-element-50f91ac elementor-invisible elementor-widget elementor-widget-realarcontactform\" data-id=\"50f91ac\" data-element_type=\"widget\" data-settings=\"{&quot;_animation&quot;:&quot;fadeInLeft&quot;,&quot;_animation_delay&quot;:200}\" data-widget_type=\"realarcontactform.default\">\n\t\t\t\t<div class=\"elementor-widget-container\">\n\t\t\t\t\t<div class=\"appointment-wrap2 bg\"><h2 class=\"form-title text-white\">Reservierungsanfrage<\/h2>\n<div class=\"wpcf7 no-js\" id=\"wpcf7-f1616-o1\" lang=\"en-US\" dir=\"ltr\" data-wpcf7-id=\"1616\">\n<div class=\"screen-reader-response\"><p role=\"status\" aria-live=\"polite\" aria-atomic=\"true\"><\/p> <ul><\/ul><\/div>\n<form action=\"\/de\/wp-json\/wp\/v2\/pages\/5904#wpcf7-f1616-o1\" method=\"post\" class=\"wpcf7-form init\" aria-label=\"Contact form\" novalidate=\"novalidate\" data-status=\"init\" data-trp-original-action=\"\/de\/wp-json\/wp\/v2\/pages\/5904#wpcf7-f1616-o1\">\n<fieldset class=\"hidden-fields-container\"><input type=\"hidden\" name=\"_wpcf7\" value=\"1616\" \/><input type=\"hidden\" name=\"_wpcf7_version\" value=\"6.1.2\" \/><input type=\"hidden\" name=\"_wpcf7_locale\" value=\"en_US\" \/><input type=\"hidden\" name=\"_wpcf7_unit_tag\" value=\"wpcf7-f1616-o1\" \/><input type=\"hidden\" name=\"_wpcf7_container_post\" value=\"0\" \/><input type=\"hidden\" name=\"_wpcf7_posted_data_hash\" value=\"\" \/>\n<\/fieldset>\n<div  class=\"appointment-form\">\n    <div class=\"row\">\n        <div class=\"form-group style-border style-radius col-12\">\n            <span class=\"wpcf7-form-control-wrap\" data-name=\"your-name\"><input size=\"40\" maxlength=\"400\" class=\"wpcf7-form-control wpcf7-text wpcf7-validates-as-required form-control\" id=\"your-name\" aria-required=\"true\" aria-invalid=\"false\" placeholder=\"Vor- und Nachname*\" value=\"\" type=\"text\" name=\"your-name\" \/><\/span><i class=\"fal fa-user\"><\/i>\n        <\/div>\n        <div class=\"form-group style-border style-radius col-12\">\n            <span class=\"wpcf7-form-control-wrap\" data-name=\"your-email\"><input size=\"40\" maxlength=\"400\" class=\"wpcf7-form-control wpcf7-email wpcf7-validates-as-required wpcf7-text wpcf7-validates-as-email form-control\" id=\"your-email\" aria-required=\"true\" aria-invalid=\"false\" placeholder=\"E-Mail*\" value=\"\" type=\"email\" name=\"your-email\" \/><\/span><i class=\"fal fa-envelope\"><\/i>\n        <\/div>\n <div class=\"form-group style-border style-radius col-12\">\n            <span class=\"wpcf7-form-control-wrap\" data-name=\"checkin-date\"><input size=\"40\" maxlength=\"400\" class=\"wpcf7-form-control wpcf7-text wpcf7-validates-as-required flatpickr form-control\" autocomplete=\"off\" aria-required=\"true\" aria-invalid=\"false\" placeholder=\"Anreisedatum ausw\u00e4hlen\" value=\"\" type=\"text\" name=\"checkin-date\" \/><\/span><i class=\"fal fa-calendar\"><\/i>\n        <\/div>\n <div class=\"form-group style-border style-radius col-12\">\n            <span class=\"wpcf7-form-control-wrap\" data-name=\"checkout-date\"><input size=\"40\" maxlength=\"400\" class=\"wpcf7-form-control wpcf7-text wpcf7-validates-as-required flatpickr form-control\" autocomplete=\"off\" aria-required=\"true\" aria-invalid=\"false\" placeholder=\"Abreisedatum ausw\u00e4hlen\" value=\"\" type=\"text\" name=\"checkout-date\" \/><\/span><i class=\"fal fa-calendar\"><\/i>\n        <\/div>\n <div class=\"form-group style-border style-radius col-12\">\n           <span class=\"wpcf7-form-control-wrap\" data-name=\"persons\"><input class=\"wpcf7-form-control wpcf7-number wpcf7-validates-as-required wpcf7-validates-as-number flatpickr form-control\" autocomplete=\"off\" aria-required=\"true\" aria-invalid=\"false\" placeholder=\"Anzahl der Personen\" value=\"\" type=\"number\" name=\"persons\" \/><\/span><i class=\"fal fa-users\"><\/i>\n        <\/div>\n        <div class=\"form-group style-border style-radius col-12\">\n            <span class=\"wpcf7-form-control-wrap\" data-name=\"your-phone\"><input size=\"40\" maxlength=\"400\" class=\"wpcf7-form-control wpcf7-tel wpcf7-validates-as-required wpcf7-text wpcf7-validates-as-tel form-control\" id=\"your-phone\" aria-required=\"true\" aria-invalid=\"false\" placeholder=\"Telefonnummer\" value=\"\" type=\"tel\" name=\"your-phone\" \/><\/span><i class=\"fal fa-phone\"><\/i>\n        <\/div>\n        <div class=\"col-12 form-group style-border style-radius\">\n            <i class=\"far fa-comments\"><\/i>\n            <span class=\"wpcf7-form-control-wrap\" data-name=\"your-message\"><textarea cols=\"40\" rows=\"10\" maxlength=\"2000\" class=\"wpcf7-form-control wpcf7-textarea form-control\" id=\"your-message\" aria-invalid=\"false\" placeholder=\"Ihre Nachricht\" name=\"your-message\"><\/textarea><\/span>\n        <\/div>\n        <div class=\"col-12 form-btn mt-4\">\n            <button class=\"th-btn th-custom-icon\">Senden<span class=\"btn-icon\"><\/span><\/button>\n        <\/div>\n    <\/div>\n    <p class=\"form-messages mb-0 mt-3\"><\/p>\n<\/div><div class=\"wpcf7-response-output\" aria-hidden=\"true\"><\/div>\n<input type=\"hidden\" name=\"trp-form-language\" value=\"de\"\/><\/form>\n<\/div>\n<\/div>\t\t\t\t<\/div>\n\t\t\t\t<\/div>\n\t\t\t\t<\/div>\n\t\t<div class=\"elementor-element elementor-element-f4f1a07 e-con-full location-map contact-sec-map e-flex e-con e-child\" data-id=\"f4f1a07\" data-element_type=\"container\">\n\t\t\t\t<div class=\"elementor-element elementor-element-3fbe1db elementor-invisible elementor-widget elementor-widget-google_maps\" data-id=\"3fbe1db\" data-element_type=\"widget\" data-settings=\"{&quot;_animation&quot;:&quot;zoomIn&quot;,&quot;_animation_delay&quot;:300}\" data-widget_type=\"google_maps.default\">\n\t\t\t\t\t\t\t<div class=\"elementor-custom-embed\">\n\t\t\t<iframe loading=\"lazy\"\n\t\t\t\t\tsrc=\"https:\/\/maps.google.com\/maps?q=Villa%20Vrata%20Jadrana&#038;t=m&#038;z=10&#038;output=embed&#038;iwloc=near\"\n\t\t\t\t\ttitle=\"Villa Vrata Jadrana\"\n\t\t\t\t\taria-label=\"Villa Vrata Jadrana\"\n\t\t\t><\/iframe>\n\t\t<\/div>\n\t\t\t\t\t\t<\/div>\n\t\t\t\t<\/div>\n\t\t\t\t\t<\/div>\n\t\t\t\t<\/div>\n\t\t\t\t<\/div>\n\t\t\t\t<\/div>","protected":false},"excerpt":{"rendered":"<p>Zatra\u017eite rezervaciju Provjerite \u017eeljeni termin i ispunite obrazac u nastavku. Nakon \u0161to po\u0161aljete upit, vlasnik \u0107e provjeriti dostupnost i javiti Vam se s potvrdom rezervacije. Rezervacija postaje va\u017ee\u0107a tek nakon \u0161to dobijete slu\u017ebenu potvrdu putem e-po\u0161te. Adresa Ul. Jurja Dobrile 31, 51000,\u00a0Rijeka Kontakt broj +385 91 936 1083+385 91 926 9487 Email marina3seifert@gmail.com Minimalno trajanje&#8230;<\/p>","protected":false},"author":1,"featured_media":5654,"parent":0,"menu_order":0,"comment_status":"closed","ping_status":"closed","template":"template-builder.php","meta":{"footnotes":""},"class_list":["post-5904","page","type-page","status-publish","has-post-thumbnail","hentry"],"yoast_head":"<!-- This site is optimized with the Yoast SEO plugin v26.2 - https:\/\/yoast.com\/wordpress\/plugins\/seo\/ -->\n<title>Rezervacija - Villa Vrata Jadrana \u2013 Va\u0161 Luksuzan Odmor<\/title>\n<meta name=\"description\" content=\"Po\u0161aljite upit za rezervaciju Villa Vrata Jadrana i osigurajte svoj boravak u luksuznoj vili s pogledom na more u Rijeci.\" \/>\n<meta name=\"robots\" content=\"index, follow, max-snippet:-1, max-image-preview:large, max-video-preview:-1\" \/>\n<link rel=\"canonical\" href=\"https:\/\/villa-vrata-jadrana.com\/de\/reservations\/\" \/>\n<meta property=\"og:locale\" content=\"de_DE\" \/>\n<meta property=\"og:type\" content=\"article\" \/>\n<meta property=\"og:title\" content=\"Rezervacija - Villa Vrata Jadrana \u2013 Va\u0161 Luksuzan Odmor\" \/>\n<meta property=\"og:description\" content=\"Po\u0161aljite upit za rezervaciju Villa Vrata Jadrana i osigurajte svoj boravak u luksuznoj vili s pogledom na more u Rijeci.\" \/>\n<meta property=\"og:url\" content=\"https:\/\/villa-vrata-jadrana.com\/de\/reservations\/\" \/>\n<meta property=\"og:site_name\" content=\"Villa Vrata Jadrana\" \/>\n<meta property=\"article:modified_time\" content=\"2026-03-06T09:08:41+00:00\" \/>\n<meta name=\"twitter:card\" content=\"summary_large_image\" \/>\n<meta name=\"twitter:label1\" content=\"Gesch\u00e4tzte Lesezeit\" \/>\n\t<meta name=\"twitter:data1\" content=\"1\u00a0Minute\" \/>\n<script type=\"application\/ld+json\" class=\"yoast-schema-graph\">{\"@context\":\"https:\/\/schema.org\",\"@graph\":[{\"@type\":\"WebPage\",\"@id\":\"https:\/\/villa-vrata-jadrana.com\/reservations\/\",\"url\":\"https:\/\/villa-vrata-jadrana.com\/reservations\/\",\"name\":\"Rezervacija - Villa Vrata Jadrana \u2013 Va\u0161 Luksuzan Odmor\",\"isPartOf\":{\"@id\":\"https:\/\/villa-vrata-jadrana.com\/#website\"},\"primaryImageOfPage\":{\"@id\":\"https:\/\/villa-vrata-jadrana.com\/reservations\/#primaryimage\"},\"image\":{\"@id\":\"https:\/\/villa-vrata-jadrana.com\/reservations\/#primaryimage\"},\"thumbnailUrl\":\"https:\/\/villa-vrata-jadrana.com\/wp-content\/uploads\/2025\/10\/3d62d9dc-6d08-44fe-83be-1f86f35862db.avif\",\"datePublished\":\"2025-10-31T18:04:56+00:00\",\"dateModified\":\"2026-03-06T09:08:41+00:00\",\"description\":\"Po\u0161aljite upit za rezervaciju Villa Vrata Jadrana i osigurajte svoj boravak u luksuznoj vili s pogledom na more u Rijeci.\",\"breadcrumb\":{\"@id\":\"https:\/\/villa-vrata-jadrana.com\/reservations\/#breadcrumb\"},\"inLanguage\":\"de\",\"potentialAction\":[{\"@type\":\"ReadAction\",\"target\":[\"https:\/\/villa-vrata-jadrana.com\/reservations\/\"]}]},{\"@type\":\"ImageObject\",\"inLanguage\":\"de\",\"@id\":\"https:\/\/villa-vrata-jadrana.com\/reservations\/#primaryimage\",\"url\":\"https:\/\/villa-vrata-jadrana.com\/wp-content\/uploads\/2025\/10\/3d62d9dc-6d08-44fe-83be-1f86f35862db.avif\",\"contentUrl\":\"https:\/\/villa-vrata-jadrana.com\/wp-content\/uploads\/2025\/10\/3d62d9dc-6d08-44fe-83be-1f86f35862db.avif\",\"width\":1440,\"height\":1497},{\"@type\":\"BreadcrumbList\",\"@id\":\"https:\/\/villa-vrata-jadrana.com\/reservations\/#breadcrumb\",\"itemListElement\":[{\"@type\":\"ListItem\",\"position\":1,\"name\":\"Po\u010detna stranica\",\"item\":\"https:\/\/villa-vrata-jadrana.com\/\"},{\"@type\":\"ListItem\",\"position\":2,\"name\":\"Rezervacije\"}]},{\"@type\":\"WebSite\",\"@id\":\"https:\/\/villa-vrata-jadrana.com\/#website\",\"url\":\"https:\/\/villa-vrata-jadrana.com\/\",\"name\":\"Villa Vrata Jadrana\",\"description\":\"Odmor Iz Snova\",\"publisher\":{\"@id\":\"https:\/\/villa-vrata-jadrana.com\/#organization\"},\"potentialAction\":[{\"@type\":\"SearchAction\",\"target\":{\"@type\":\"EntryPoint\",\"urlTemplate\":\"https:\/\/villa-vrata-jadrana.com\/?s={search_term_string}\"},\"query-input\":{\"@type\":\"PropertyValueSpecification\",\"valueRequired\":true,\"valueName\":\"search_term_string\"}}],\"inLanguage\":\"de\"},{\"@type\":\"Organization\",\"@id\":\"https:\/\/villa-vrata-jadrana.com\/#organization\",\"name\":\"Villa Vrata Jadrana\",\"url\":\"https:\/\/villa-vrata-jadrana.com\/\",\"logo\":{\"@type\":\"ImageObject\",\"inLanguage\":\"de\",\"@id\":\"https:\/\/villa-vrata-jadrana.com\/#\/schema\/logo\/image\/\",\"url\":\"https:\/\/villa-vrata-jadrana.com\/wp-content\/uploads\/2024\/05\/vrata-jadrana-logo-black.png\",\"contentUrl\":\"https:\/\/villa-vrata-jadrana.com\/wp-content\/uploads\/2024\/05\/vrata-jadrana-logo-black.png\",\"width\":695,\"height\":192,\"caption\":\"Villa Vrata Jadrana\"},\"image\":{\"@id\":\"https:\/\/villa-vrata-jadrana.com\/#\/schema\/logo\/image\/\"}}]}<\/script>\n<!-- \/ Yoast SEO plugin. -->","yoast_head_json":{"title":"Rezervacija - Villa Vrata Jadrana \u2013 Va\u0161 Luksuzan Odmor","description":"Po\u0161aljite upit za rezervaciju Villa Vrata Jadrana i osigurajte svoj boravak u luksuznoj vili s pogledom na more u Rijeci.","robots":{"index":"index","follow":"follow","max-snippet":"max-snippet:-1","max-image-preview":"max-image-preview:large","max-video-preview":"max-video-preview:-1"},"canonical":"https:\/\/villa-vrata-jadrana.com\/de\/reservations\/","og_locale":"de_DE","og_type":"article","og_title":"Rezervacija - Villa Vrata Jadrana \u2013 Va\u0161 Luksuzan Odmor","og_description":"Po\u0161aljite upit za rezervaciju Villa Vrata Jadrana i osigurajte svoj boravak u luksuznoj vili s pogledom na more u Rijeci.","og_url":"https:\/\/villa-vrata-jadrana.com\/de\/reservations\/","og_site_name":"Villa Vrata Jadrana","article_modified_time":"2026-03-06T09:08:41+00:00","twitter_card":"summary_large_image","twitter_misc":{"Gesch\u00e4tzte Lesezeit":"1\u00a0Minute"},"schema":{"@context":"https:\/\/schema.org","@graph":[{"@type":"WebPage","@id":"https:\/\/villa-vrata-jadrana.com\/reservations\/","url":"https:\/\/villa-vrata-jadrana.com\/reservations\/","name":"Rezervacija - Villa Vrata Jadrana \u2013 Va\u0161 Luksuzan Odmor","isPartOf":{"@id":"https:\/\/villa-vrata-jadrana.com\/#website"},"primaryImageOfPage":{"@id":"https:\/\/villa-vrata-jadrana.com\/reservations\/#primaryimage"},"image":{"@id":"https:\/\/villa-vrata-jadrana.com\/reservations\/#primaryimage"},"thumbnailUrl":"https:\/\/villa-vrata-jadrana.com\/wp-content\/uploads\/2025\/10\/3d62d9dc-6d08-44fe-83be-1f86f35862db.avif","datePublished":"2025-10-31T18:04:56+00:00","dateModified":"2026-03-06T09:08:41+00:00","description":"Po\u0161aljite upit za rezervaciju Villa Vrata Jadrana i osigurajte svoj boravak u luksuznoj vili s pogledom na more u Rijeci.","breadcrumb":{"@id":"https:\/\/villa-vrata-jadrana.com\/reservations\/#breadcrumb"},"inLanguage":"de","potentialAction":[{"@type":"ReadAction","target":["https:\/\/villa-vrata-jadrana.com\/reservations\/"]}]},{"@type":"ImageObject","inLanguage":"de","@id":"https:\/\/villa-vrata-jadrana.com\/reservations\/#primaryimage","url":"https:\/\/villa-vrata-jadrana.com\/wp-content\/uploads\/2025\/10\/3d62d9dc-6d08-44fe-83be-1f86f35862db.avif","contentUrl":"https:\/\/villa-vrata-jadrana.com\/wp-content\/uploads\/2025\/10\/3d62d9dc-6d08-44fe-83be-1f86f35862db.avif","width":1440,"height":1497},{"@type":"BreadcrumbList","@id":"https:\/\/villa-vrata-jadrana.com\/reservations\/#breadcrumb","itemListElement":[{"@type":"ListItem","position":1,"name":"Po\u010detna stranica","item":"https:\/\/villa-vrata-jadrana.com\/"},{"@type":"ListItem","position":2,"name":"Rezervacije"}]},{"@type":"WebSite","@id":"https:\/\/villa-vrata-jadrana.com\/#website","url":"https:\/\/villa-vrata-jadrana.com\/","name":"Villa Vrata Jadrana","description":"Odmor Iz Snova","publisher":{"@id":"https:\/\/villa-vrata-jadrana.com\/#organization"},"potentialAction":[{"@type":"SearchAction","target":{"@type":"EntryPoint","urlTemplate":"https:\/\/villa-vrata-jadrana.com\/?s={search_term_string}"},"query-input":{"@type":"PropertyValueSpecification","valueRequired":true,"valueName":"search_term_string"}}],"inLanguage":"de"},{"@type":"Organization","@id":"https:\/\/villa-vrata-jadrana.com\/#organization","name":"Villa Vrata Jadrana","url":"https:\/\/villa-vrata-jadrana.com\/","logo":{"@type":"ImageObject","inLanguage":"de","@id":"https:\/\/villa-vrata-jadrana.com\/#\/schema\/logo\/image\/","url":"https:\/\/villa-vrata-jadrana.com\/wp-content\/uploads\/2024\/05\/vrata-jadrana-logo-black.png","contentUrl":"https:\/\/villa-vrata-jadrana.com\/wp-content\/uploads\/2024\/05\/vrata-jadrana-logo-black.png","width":695,"height":192,"caption":"Villa Vrata Jadrana"},"image":{"@id":"https:\/\/villa-vrata-jadrana.com\/#\/schema\/logo\/image\/"}}]}},"_links":{"self":[{"href":"https:\/\/villa-vrata-jadrana.com\/de\/wp-json\/wp\/v2\/pages\/5904","targetHints":{"allow":["GET"]}}],"collection":[{"href":"https:\/\/villa-vrata-jadrana.com\/de\/wp-json\/wp\/v2\/pages"}],"about":[{"href":"https:\/\/villa-vrata-jadrana.com\/de\/wp-json\/wp\/v2\/types\/page"}],"author":[{"embeddable":true,"href":"https:\/\/villa-vrata-jadrana.com\/de\/wp-json\/wp\/v2\/users\/1"}],"replies":[{"embeddable":true,"href":"https:\/\/villa-vrata-jadrana.com\/de\/wp-json\/wp\/v2\/comments?post=5904"}],"version-history":[{"count":37,"href":"https:\/\/villa-vrata-jadrana.com\/de\/wp-json\/wp\/v2\/pages\/5904\/revisions"}],"predecessor-version":[{"id":5974,"href":"https:\/\/villa-vrata-jadrana.com\/de\/wp-json\/wp\/v2\/pages\/5904\/revisions\/5974"}],"wp:featuredmedia":[{"embeddable":true,"href":"https:\/\/villa-vrata-jadrana.com\/de\/wp-json\/wp\/v2\/media\/5654"}],"wp:attachment":[{"href":"https:\/\/villa-vrata-jadrana.com\/de\/wp-json\/wp\/v2\/media?parent=5904"}],"curies":[{"name":"wp","href":"https:\/\/api.w.org\/{rel}","templated":true}]}}