{"id":1470,"date":"2024-05-27T11:17:14","date_gmt":"2024-05-27T11:17:14","guid":{"rendered":"https:\/\/wordpress.themeholy.com\/realar\/?page_id=1470"},"modified":"2025-10-31T19:01:18","modified_gmt":"2025-10-31T19:01:18","slug":"gallery","status":"publish","type":"page","link":"https:\/\/villa-vrata-jadrana.com\/en\/gallery\/","title":{"rendered":"Gallery"},"content":{"rendered":"<div data-elementor-type=\"wp-page\" data-elementor-id=\"1470\" class=\"elementor elementor-1470\">\n\t\t\t\t<div class=\"elementor-element elementor-element-1f84672 e-flex e-con-boxed e-con e-parent\" data-id=\"1f84672\" data-element_type=\"container\">\n\t\t\t\t\t<div class=\"e-con-inner\">\n\t\t\t\t<div class=\"elementor-element elementor-element-597d01b elementor-widget__width-initial elementor-invisible elementor-widget elementor-widget-realarsectiontitle\" data-id=\"597d01b\" data-element_type=\"widget\" data-settings=\"{&quot;_animation&quot;:&quot;fadeInUp&quot;}\" data-widget_type=\"realarsectiontitle.default\">\n\t\t\t\t<div class=\"elementor-widget-container\">\n\t\t\t\t\t\t\t<div class=\"title-area text-center\">\r\n\t\t\t<h2 class=\"sec-title\">Take a look at our gallery<\/h2><p class=\"sec-text\">Discover the beauty of Villa Vrata Jadrana through our photo gallery.\nEach photo tells a story of peace, comfort, and unforgettable moments by the sea.\n\n<\/p>\t\t<\/div>\r\n\r\n\t\t\t\t\t<\/div>\n\t\t\t\t<\/div>\n\t\t\t\t<div class=\"elementor-element elementor-element-ab8c50a elementor-widget elementor-widget-realarlistinggallery\" data-id=\"ab8c50a\" data-element_type=\"widget\" data-widget_type=\"realarlistinggallery.default\">\n\t\t\t\t<div class=\"elementor-widget-container\">\n\t\t\t\t\t<div class=\"row gy-4\"><div class=\"col-xl-5\"><div class=\"property-gallery-card\"><div class=\"property-gallery-card-img\"><img decoding=\"async\" class=\"w-100\" src=\"https:\/\/villa-vrata-jadrana.com\/wp-content\/uploads\/2025\/10\/ba625a3a-ff32-48ba-9d26-e58b94d2ac3c1-1.png\" alt=\"img\"><\/div><a class=\"icon-btn popup-image\" href=\"https:\/\/villa-vrata-jadrana.com\/wp-content\/uploads\/2025\/10\/ba625a3a-ff32-48ba-9d26-e58b94d2ac3c1-1.png\"><i class=\"fal fa-magnifying-glass-plus\"><\/i><\/a><\/div><\/div><div class=\"col-xl-7\"><div class=\"property-gallery-card\"><div class=\"property-gallery-card-img\"><img decoding=\"async\" class=\"w-100\" src=\"https:\/\/villa-vrata-jadrana.com\/wp-content\/uploads\/2025\/10\/7dff8d63-821b-49d9-9d47-c0535b53f748.png\" alt=\"img\"><\/div><a class=\"icon-btn popup-image\" href=\"https:\/\/villa-vrata-jadrana.com\/wp-content\/uploads\/2025\/10\/7dff8d63-821b-49d9-9d47-c0535b53f748.png\"><i class=\"fal fa-magnifying-glass-plus\"><\/i><\/a><\/div><\/div><div class=\"col-xl-5\"><div class=\"property-gallery-card\"><div class=\"property-gallery-card-img\"><img decoding=\"async\" class=\"w-100\" src=\"https:\/\/villa-vrata-jadrana.com\/wp-content\/uploads\/2025\/10\/opatija-beach-5199608_1280.jpg\" alt=\"img\"><\/div><a class=\"icon-btn popup-image\" href=\"https:\/\/villa-vrata-jadrana.com\/wp-content\/uploads\/2025\/10\/opatija-beach-5199608_1280.jpg\"><i class=\"fal fa-magnifying-glass-plus\"><\/i><\/a><\/div><\/div><div class=\"col-xl-7\"><div class=\"property-gallery-card\"><div class=\"property-gallery-card-img\"><img decoding=\"async\" class=\"w-100\" src=\"https:\/\/villa-vrata-jadrana.com\/wp-content\/uploads\/2025\/10\/9a1455aa-e06c-4a87-9d58-dac45b1ad656.png\" alt=\"img\"><\/div><a class=\"icon-btn popup-image\" href=\"https:\/\/villa-vrata-jadrana.com\/wp-content\/uploads\/2025\/10\/9a1455aa-e06c-4a87-9d58-dac45b1ad656.png\"><i class=\"fal fa-magnifying-glass-plus\"><\/i><\/a><\/div><\/div><div class=\"col-xl-5\"><div class=\"property-gallery-card\"><div class=\"property-gallery-card-img\"><img decoding=\"async\" class=\"w-100\" src=\"https:\/\/villa-vrata-jadrana.com\/wp-content\/uploads\/2025\/10\/3933b4ff-58ad-495a-bb47-a6d923fc7d9c-1.avif\" alt=\"img\"><\/div><a class=\"icon-btn popup-image\" href=\"https:\/\/villa-vrata-jadrana.com\/wp-content\/uploads\/2025\/10\/3933b4ff-58ad-495a-bb47-a6d923fc7d9c-1.avif\"><i class=\"fal fa-magnifying-glass-plus\"><\/i><\/a><\/div><\/div><div class=\"col-xl-7\"><div class=\"property-gallery-card\"><div class=\"property-gallery-card-img\"><img decoding=\"async\" class=\"w-100\" src=\"https:\/\/villa-vrata-jadrana.com\/wp-content\/uploads\/2025\/10\/2e959aae-9ad8-4e15-89aa-a6f74d9ae951.avif\" alt=\"img\"><\/div><a class=\"icon-btn popup-image\" href=\"https:\/\/villa-vrata-jadrana.com\/wp-content\/uploads\/2025\/10\/2e959aae-9ad8-4e15-89aa-a6f74d9ae951.avif\"><i class=\"fal fa-magnifying-glass-plus\"><\/i><\/a><\/div><\/div><div class=\"col-xl-5\"><div class=\"property-gallery-card\"><div class=\"property-gallery-card-img\"><img decoding=\"async\" class=\"w-100\" src=\"https:\/\/villa-vrata-jadrana.com\/wp-content\/uploads\/2025\/10\/895d3d65-4ec1-45c8-b7e7-95179c45a453.avif\" alt=\"img\"><\/div><a class=\"icon-btn popup-image\" href=\"https:\/\/villa-vrata-jadrana.com\/wp-content\/uploads\/2025\/10\/895d3d65-4ec1-45c8-b7e7-95179c45a453.avif\"><i class=\"fal fa-magnifying-glass-plus\"><\/i><\/a><\/div><\/div><div class=\"col-xl-7\"><div class=\"property-gallery-card\"><div class=\"property-gallery-card-img\"><img decoding=\"async\" class=\"w-100\" src=\"https:\/\/villa-vrata-jadrana.com\/wp-content\/uploads\/2025\/10\/6caab150-62a0-45ec-8404-e2f37b01ab91.png\" alt=\"img\"><\/div><a class=\"icon-btn popup-image\" href=\"https:\/\/villa-vrata-jadrana.com\/wp-content\/uploads\/2025\/10\/6caab150-62a0-45ec-8404-e2f37b01ab91.png\"><i class=\"fal fa-magnifying-glass-plus\"><\/i><\/a><\/div><\/div><div class=\"col-xl-5\"><div class=\"property-gallery-card\"><div class=\"property-gallery-card-img\"><img decoding=\"async\" class=\"w-100\" src=\"https:\/\/villa-vrata-jadrana.com\/wp-content\/uploads\/2025\/10\/ba625a3a-ff32-48ba-9d26-e58b94d2ac3c.png\" alt=\"img\"><\/div><a class=\"icon-btn popup-image\" href=\"https:\/\/villa-vrata-jadrana.com\/wp-content\/uploads\/2025\/10\/ba625a3a-ff32-48ba-9d26-e58b94d2ac3c.png\"><i class=\"fal fa-magnifying-glass-plus\"><\/i><\/a><\/div><\/div><div class=\"col-xl-7\"><div class=\"property-gallery-card\"><div class=\"property-gallery-card-img\"><img decoding=\"async\" class=\"w-100\" src=\"https:\/\/villa-vrata-jadrana.com\/wp-content\/uploads\/2025\/10\/c7999950-1f1f-46d2-868d-887b36bcea9c-.png\" alt=\"img\"><\/div><a class=\"icon-btn popup-image\" href=\"https:\/\/villa-vrata-jadrana.com\/wp-content\/uploads\/2025\/10\/c7999950-1f1f-46d2-868d-887b36bcea9c-.png\"><i class=\"fal fa-magnifying-glass-plus\"><\/i><\/a><\/div><\/div><div class=\"col-xl-5\"><div class=\"property-gallery-card\"><div class=\"property-gallery-card-img\"><img decoding=\"async\" class=\"w-100\" src=\"https:\/\/villa-vrata-jadrana.com\/wp-content\/uploads\/2025\/10\/8820b942-3ab0-48ff-8692-acc2717e8112.avif\" alt=\"img\"><\/div><a class=\"icon-btn popup-image\" href=\"https:\/\/villa-vrata-jadrana.com\/wp-content\/uploads\/2025\/10\/8820b942-3ab0-48ff-8692-acc2717e8112.avif\"><i class=\"fal fa-magnifying-glass-plus\"><\/i><\/a><\/div><\/div><div class=\"col-xl-7\"><div class=\"property-gallery-card\"><div class=\"property-gallery-card-img\"><img decoding=\"async\" class=\"w-100\" src=\"https:\/\/villa-vrata-jadrana.com\/wp-content\/uploads\/2025\/10\/0d89d267-b2d3-4f50-b239-50dd2b6cc353.avif\" alt=\"img\"><\/div><a class=\"icon-btn popup-image\" href=\"https:\/\/villa-vrata-jadrana.com\/wp-content\/uploads\/2025\/10\/0d89d267-b2d3-4f50-b239-50dd2b6cc353.avif\"><i class=\"fal fa-magnifying-glass-plus\"><\/i><\/a><\/div><\/div><div class=\"col-xl-5\"><div class=\"property-gallery-card\"><div class=\"property-gallery-card-img\"><img decoding=\"async\" class=\"w-100\" src=\"https:\/\/villa-vrata-jadrana.com\/wp-content\/uploads\/2025\/10\/26a125b4-001a-4a05-8c34-756bf5bad5ec.avif\" alt=\"img\"><\/div><a class=\"icon-btn popup-image\" href=\"https:\/\/villa-vrata-jadrana.com\/wp-content\/uploads\/2025\/10\/26a125b4-001a-4a05-8c34-756bf5bad5ec.avif\"><i class=\"fal fa-magnifying-glass-plus\"><\/i><\/a><\/div><\/div><div class=\"col-xl-7\"><div class=\"property-gallery-card\"><div class=\"property-gallery-card-img\"><img decoding=\"async\" class=\"w-100\" src=\"https:\/\/villa-vrata-jadrana.com\/wp-content\/uploads\/2025\/10\/85927acd-2ad9-4b9f-bf52-590a3be47877.avif\" alt=\"img\"><\/div><a class=\"icon-btn popup-image\" href=\"https:\/\/villa-vrata-jadrana.com\/wp-content\/uploads\/2025\/10\/85927acd-2ad9-4b9f-bf52-590a3be47877.avif\"><i class=\"fal fa-magnifying-glass-plus\"><\/i><\/a><\/div><\/div><div class=\"col-xl-5\"><div class=\"property-gallery-card\"><div class=\"property-gallery-card-img\"><img decoding=\"async\" class=\"w-100\" src=\"https:\/\/villa-vrata-jadrana.com\/wp-content\/uploads\/2025\/10\/9a1455aa-e06c-4a87-9d58-dac45b1ad656.avif\" alt=\"img\"><\/div><a class=\"icon-btn popup-image\" href=\"https:\/\/villa-vrata-jadrana.com\/wp-content\/uploads\/2025\/10\/9a1455aa-e06c-4a87-9d58-dac45b1ad656.avif\"><i class=\"fal fa-magnifying-glass-plus\"><\/i><\/a><\/div><\/div><div class=\"col-xl-7\"><div class=\"property-gallery-card\"><div class=\"property-gallery-card-img\"><img decoding=\"async\" class=\"w-100\" src=\"https:\/\/villa-vrata-jadrana.com\/wp-content\/uploads\/2025\/10\/7dff8d63-821b-49d9-9d47-c0535b53f748.avif\" alt=\"img\"><\/div><a class=\"icon-btn popup-image\" href=\"https:\/\/villa-vrata-jadrana.com\/wp-content\/uploads\/2025\/10\/7dff8d63-821b-49d9-9d47-c0535b53f748.avif\"><i class=\"fal fa-magnifying-glass-plus\"><\/i><\/a><\/div><\/div><div class=\"col-xl-5\"><div class=\"property-gallery-card\"><div class=\"property-gallery-card-img\"><img decoding=\"async\" class=\"w-100\" src=\"https:\/\/villa-vrata-jadrana.com\/wp-content\/uploads\/2025\/10\/5a1db667-8fb2-4f32-b763-ee65aba643a1.avif\" alt=\"img\"><\/div><a class=\"icon-btn popup-image\" href=\"https:\/\/villa-vrata-jadrana.com\/wp-content\/uploads\/2025\/10\/5a1db667-8fb2-4f32-b763-ee65aba643a1.avif\"><i class=\"fal fa-magnifying-glass-plus\"><\/i><\/a><\/div><\/div><div class=\"col-xl-7\"><div class=\"property-gallery-card\"><div class=\"property-gallery-card-img\"><img decoding=\"async\" class=\"w-100\" src=\"https:\/\/villa-vrata-jadrana.com\/wp-content\/uploads\/2025\/10\/cc5a2346-92d3-4f80-919a-06a5e4cf3b0a.avif\" alt=\"img\"><\/div><a class=\"icon-btn popup-image\" href=\"https:\/\/villa-vrata-jadrana.com\/wp-content\/uploads\/2025\/10\/cc5a2346-92d3-4f80-919a-06a5e4cf3b0a.avif\"><i class=\"fal fa-magnifying-glass-plus\"><\/i><\/a><\/div><\/div><\/div>\t\t\t\t<\/div>\n\t\t\t\t<\/div>\n\t\t\t\t\t<\/div>\n\t\t\t\t<\/div>\n\t\t\t\t<\/div>","protected":false},"excerpt":{"rendered":"<p>Zavirite u na\u0161u galeriju Otkrijte ljepotu Ville Vrata Jadrana kroz na\u0161u foto-galeriju. Svaka fotografija pri\u010da pri\u010du o miru, udobnosti i nezaboravnim trenucima uz more.<\/p>","protected":false},"author":1,"featured_media":5679,"parent":0,"menu_order":0,"comment_status":"closed","ping_status":"closed","template":"template-builder.php","meta":{"footnotes":""},"class_list":["post-1470","page","type-page","status-publish","has-post-thumbnail","hentry"],"yoast_head":"<!-- This site is optimized with the Yoast SEO plugin v26.2 - https:\/\/yoast.com\/wordpress\/plugins\/seo\/ -->\n<title>Luksuzna Villa u Rijeci \u2013 Galerija Villa Vrata Jadrana<\/title>\n<meta name=\"description\" content=\"Pogledajte fotografije luksuzne vile u Rijeci \u2013 Villa Vrata Jadrana. U\u017eivajte u pogledu na more, modernom interijeru i detaljima koji stvaraju savr\u0161en odmor na Jadranu.\" \/>\n<meta name=\"robots\" content=\"index, follow, max-snippet:-1, max-image-preview:large, max-video-preview:-1\" \/>\n<link rel=\"canonical\" href=\"https:\/\/villa-vrata-jadrana.com\/en\/gallery\/\" \/>\n<meta property=\"og:locale\" content=\"en_GB\" \/>\n<meta property=\"og:type\" content=\"article\" \/>\n<meta property=\"og:title\" content=\"Luksuzna Villa u Rijeci \u2013 Galerija Villa Vrata Jadrana\" \/>\n<meta property=\"og:description\" content=\"Pogledajte fotografije luksuzne vile u Rijeci \u2013 Villa Vrata Jadrana. U\u017eivajte u pogledu na more, modernom interijeru i detaljima koji stvaraju savr\u0161en odmor na Jadranu.\" \/>\n<meta property=\"og:url\" content=\"https:\/\/villa-vrata-jadrana.com\/en\/gallery\/\" \/>\n<meta property=\"og:site_name\" content=\"Villa Vrata Jadrana\" \/>\n<meta property=\"article:modified_time\" content=\"2025-10-31T19:01:18+00:00\" \/>\n<meta property=\"og:image\" content=\"https:\/\/villa-vrata-jadrana.com\/wp-content\/uploads\/2025\/10\/c7999950-1f1f-46d2-868d-887b36bcea9c--1024x759.png\" \/>\n\t<meta property=\"og:image:width\" content=\"1024\" \/>\n\t<meta property=\"og:image:height\" content=\"759\" \/>\n\t<meta property=\"og:image:type\" content=\"image\/png\" \/>\n<meta name=\"twitter:card\" content=\"summary_large_image\" \/>\n<meta name=\"twitter:label1\" content=\"Estimated reading time\" \/>\n\t<meta name=\"twitter:data1\" content=\"4 minutes\" \/>\n<script type=\"application\/ld+json\" class=\"yoast-schema-graph\">{\"@context\":\"https:\/\/schema.org\",\"@graph\":[{\"@type\":\"WebPage\",\"@id\":\"https:\/\/villa-vrata-jadrana.com\/gallery\/\",\"url\":\"https:\/\/villa-vrata-jadrana.com\/gallery\/\",\"name\":\"Luksuzna Villa u Rijeci \u2013 Galerija Villa Vrata Jadrana\",\"isPartOf\":{\"@id\":\"https:\/\/villa-vrata-jadrana.com\/#website\"},\"primaryImageOfPage\":{\"@id\":\"https:\/\/villa-vrata-jadrana.com\/gallery\/#primaryimage\"},\"image\":{\"@id\":\"https:\/\/villa-vrata-jadrana.com\/gallery\/#primaryimage\"},\"thumbnailUrl\":\"https:\/\/villa-vrata-jadrana.com\/wp-content\/uploads\/2025\/10\/c7999950-1f1f-46d2-868d-887b36bcea9c-.png\",\"datePublished\":\"2024-05-27T11:17:14+00:00\",\"dateModified\":\"2025-10-31T19:01:18+00:00\",\"description\":\"Pogledajte fotografije luksuzne vile u Rijeci \u2013 Villa Vrata Jadrana. U\u017eivajte u pogledu na more, modernom interijeru i detaljima koji stvaraju savr\u0161en odmor na Jadranu.\",\"breadcrumb\":{\"@id\":\"https:\/\/villa-vrata-jadrana.com\/gallery\/#breadcrumb\"},\"inLanguage\":\"en-GB\",\"potentialAction\":[{\"@type\":\"ReadAction\",\"target\":[\"https:\/\/villa-vrata-jadrana.com\/gallery\/\"]}]},{\"@type\":\"ImageObject\",\"inLanguage\":\"en-GB\",\"@id\":\"https:\/\/villa-vrata-jadrana.com\/gallery\/#primaryimage\",\"url\":\"https:\/\/villa-vrata-jadrana.com\/wp-content\/uploads\/2025\/10\/c7999950-1f1f-46d2-868d-887b36bcea9c-.png\",\"contentUrl\":\"https:\/\/villa-vrata-jadrana.com\/wp-content\/uploads\/2025\/10\/c7999950-1f1f-46d2-868d-887b36bcea9c-.png\",\"width\":1440,\"height\":1068},{\"@type\":\"BreadcrumbList\",\"@id\":\"https:\/\/villa-vrata-jadrana.com\/gallery\/#breadcrumb\",\"itemListElement\":[{\"@type\":\"ListItem\",\"position\":1,\"name\":\"Po\u010detna stranica\",\"item\":\"https:\/\/villa-vrata-jadrana.com\/\"},{\"@type\":\"ListItem\",\"position\":2,\"name\":\"Galerija\"}]},{\"@type\":\"WebSite\",\"@id\":\"https:\/\/villa-vrata-jadrana.com\/#website\",\"url\":\"https:\/\/villa-vrata-jadrana.com\/\",\"name\":\"Villa Vrata Jadrana\",\"description\":\"Odmor Iz Snova\",\"publisher\":{\"@id\":\"https:\/\/villa-vrata-jadrana.com\/#organization\"},\"potentialAction\":[{\"@type\":\"SearchAction\",\"target\":{\"@type\":\"EntryPoint\",\"urlTemplate\":\"https:\/\/villa-vrata-jadrana.com\/?s={search_term_string}\"},\"query-input\":{\"@type\":\"PropertyValueSpecification\",\"valueRequired\":true,\"valueName\":\"search_term_string\"}}],\"inLanguage\":\"en-GB\"},{\"@type\":\"Organization\",\"@id\":\"https:\/\/villa-vrata-jadrana.com\/#organization\",\"name\":\"Villa Vrata Jadrana\",\"url\":\"https:\/\/villa-vrata-jadrana.com\/\",\"logo\":{\"@type\":\"ImageObject\",\"inLanguage\":\"en-GB\",\"@id\":\"https:\/\/villa-vrata-jadrana.com\/#\/schema\/logo\/image\/\",\"url\":\"https:\/\/villa-vrata-jadrana.com\/wp-content\/uploads\/2024\/05\/vrata-jadrana-logo-black.png\",\"contentUrl\":\"https:\/\/villa-vrata-jadrana.com\/wp-content\/uploads\/2024\/05\/vrata-jadrana-logo-black.png\",\"width\":695,\"height\":192,\"caption\":\"Villa Vrata Jadrana\"},\"image\":{\"@id\":\"https:\/\/villa-vrata-jadrana.com\/#\/schema\/logo\/image\/\"}}]}<\/script>\n<!-- \/ Yoast SEO plugin. -->","yoast_head_json":{"title":"Luksuzna Villa u Rijeci \u2013 Galerija Villa Vrata Jadrana","description":"Pogledajte fotografije luksuzne vile u Rijeci \u2013 Villa Vrata Jadrana. U\u017eivajte u pogledu na more, modernom interijeru i detaljima koji stvaraju savr\u0161en odmor na Jadranu.","robots":{"index":"index","follow":"follow","max-snippet":"max-snippet:-1","max-image-preview":"max-image-preview:large","max-video-preview":"max-video-preview:-1"},"canonical":"https:\/\/villa-vrata-jadrana.com\/en\/gallery\/","og_locale":"en_GB","og_type":"article","og_title":"Luksuzna Villa u Rijeci \u2013 Galerija Villa Vrata Jadrana","og_description":"Pogledajte fotografije luksuzne vile u Rijeci \u2013 Villa Vrata Jadrana. U\u017eivajte u pogledu na more, modernom interijeru i detaljima koji stvaraju savr\u0161en odmor na Jadranu.","og_url":"https:\/\/villa-vrata-jadrana.com\/en\/gallery\/","og_site_name":"Villa Vrata Jadrana","article_modified_time":"2025-10-31T19:01:18+00:00","og_image":[{"width":1024,"height":759,"url":"https:\/\/villa-vrata-jadrana.com\/wp-content\/uploads\/2025\/10\/c7999950-1f1f-46d2-868d-887b36bcea9c--1024x759.png","type":"image\/png"}],"twitter_card":"summary_large_image","twitter_misc":{"Estimated reading time":"4 minutes"},"schema":{"@context":"https:\/\/schema.org","@graph":[{"@type":"WebPage","@id":"https:\/\/villa-vrata-jadrana.com\/gallery\/","url":"https:\/\/villa-vrata-jadrana.com\/gallery\/","name":"Luksuzna Villa u Rijeci \u2013 Galerija Villa Vrata Jadrana","isPartOf":{"@id":"https:\/\/villa-vrata-jadrana.com\/#website"},"primaryImageOfPage":{"@id":"https:\/\/villa-vrata-jadrana.com\/gallery\/#primaryimage"},"image":{"@id":"https:\/\/villa-vrata-jadrana.com\/gallery\/#primaryimage"},"thumbnailUrl":"https:\/\/villa-vrata-jadrana.com\/wp-content\/uploads\/2025\/10\/c7999950-1f1f-46d2-868d-887b36bcea9c-.png","datePublished":"2024-05-27T11:17:14+00:00","dateModified":"2025-10-31T19:01:18+00:00","description":"Pogledajte fotografije luksuzne vile u Rijeci \u2013 Villa Vrata Jadrana. U\u017eivajte u pogledu na more, modernom interijeru i detaljima koji stvaraju savr\u0161en odmor na Jadranu.","breadcrumb":{"@id":"https:\/\/villa-vrata-jadrana.com\/gallery\/#breadcrumb"},"inLanguage":"en-GB","potentialAction":[{"@type":"ReadAction","target":["https:\/\/villa-vrata-jadrana.com\/gallery\/"]}]},{"@type":"ImageObject","inLanguage":"en-GB","@id":"https:\/\/villa-vrata-jadrana.com\/gallery\/#primaryimage","url":"https:\/\/villa-vrata-jadrana.com\/wp-content\/uploads\/2025\/10\/c7999950-1f1f-46d2-868d-887b36bcea9c-.png","contentUrl":"https:\/\/villa-vrata-jadrana.com\/wp-content\/uploads\/2025\/10\/c7999950-1f1f-46d2-868d-887b36bcea9c-.png","width":1440,"height":1068},{"@type":"BreadcrumbList","@id":"https:\/\/villa-vrata-jadrana.com\/gallery\/#breadcrumb","itemListElement":[{"@type":"ListItem","position":1,"name":"Po\u010detna stranica","item":"https:\/\/villa-vrata-jadrana.com\/"},{"@type":"ListItem","position":2,"name":"Galerija"}]},{"@type":"WebSite","@id":"https:\/\/villa-vrata-jadrana.com\/#website","url":"https:\/\/villa-vrata-jadrana.com\/","name":"Villa Vrata Jadrana","description":"Odmor Iz Snova","publisher":{"@id":"https:\/\/villa-vrata-jadrana.com\/#organization"},"potentialAction":[{"@type":"SearchAction","target":{"@type":"EntryPoint","urlTemplate":"https:\/\/villa-vrata-jadrana.com\/?s={search_term_string}"},"query-input":{"@type":"PropertyValueSpecification","valueRequired":true,"valueName":"search_term_string"}}],"inLanguage":"en-GB"},{"@type":"Organization","@id":"https:\/\/villa-vrata-jadrana.com\/#organization","name":"Villa Vrata Jadrana","url":"https:\/\/villa-vrata-jadrana.com\/","logo":{"@type":"ImageObject","inLanguage":"en-GB","@id":"https:\/\/villa-vrata-jadrana.com\/#\/schema\/logo\/image\/","url":"https:\/\/villa-vrata-jadrana.com\/wp-content\/uploads\/2024\/05\/vrata-jadrana-logo-black.png","contentUrl":"https:\/\/villa-vrata-jadrana.com\/wp-content\/uploads\/2024\/05\/vrata-jadrana-logo-black.png","width":695,"height":192,"caption":"Villa Vrata Jadrana"},"image":{"@id":"https:\/\/villa-vrata-jadrana.com\/#\/schema\/logo\/image\/"}}]}},"_links":{"self":[{"href":"https:\/\/villa-vrata-jadrana.com\/en\/wp-json\/wp\/v2\/pages\/1470","targetHints":{"allow":["GET"]}}],"collection":[{"href":"https:\/\/villa-vrata-jadrana.com\/en\/wp-json\/wp\/v2\/pages"}],"about":[{"href":"https:\/\/villa-vrata-jadrana.com\/en\/wp-json\/wp\/v2\/types\/page"}],"author":[{"embeddable":true,"href":"https:\/\/villa-vrata-jadrana.com\/en\/wp-json\/wp\/v2\/users\/1"}],"replies":[{"embeddable":true,"href":"https:\/\/villa-vrata-jadrana.com\/en\/wp-json\/wp\/v2\/comments?post=1470"}],"version-history":[{"count":23,"href":"https:\/\/villa-vrata-jadrana.com\/en\/wp-json\/wp\/v2\/pages\/1470\/revisions"}],"predecessor-version":[{"id":5911,"href":"https:\/\/villa-vrata-jadrana.com\/en\/wp-json\/wp\/v2\/pages\/1470\/revisions\/5911"}],"wp:featuredmedia":[{"embeddable":true,"href":"https:\/\/villa-vrata-jadrana.com\/en\/wp-json\/wp\/v2\/media\/5679"}],"wp:attachment":[{"href":"https:\/\/villa-vrata-jadrana.com\/en\/wp-json\/wp\/v2\/media?parent=1470"}],"curies":[{"name":"wp","href":"https:\/\/api.w.org\/{rel}","templated":true}]}}