{"id":1519,"date":"2024-05-28T06:21:43","date_gmt":"2024-05-28T06:21:43","guid":{"rendered":"https:\/\/wordpress.themeholy.com\/realar\/?page_id=1519"},"modified":"2025-10-31T19:00:22","modified_gmt":"2025-10-31T19:00:22","slug":"contact","status":"publish","type":"page","link":"https:\/\/villa-vrata-jadrana.com\/en\/contact\/","title":{"rendered":"Contact"},"content":{"rendered":"<div data-elementor-type=\"wp-page\" data-elementor-id=\"1519\" class=\"elementor elementor-1519\">\n\t\t\t\t<div class=\"elementor-element elementor-element-989c140 e-con-full e-flex e-con e-parent\" data-id=\"989c140\" data-element_type=\"container\" data-settings=\"{&quot;background_background&quot;:&quot;classic&quot;}\">\n\t\t<div class=\"elementor-element elementor-element-6497b04 e-flex e-con-boxed e-con e-child\" data-id=\"6497b04\" data-element_type=\"container\">\n\t\t\t\t\t<div class=\"e-con-inner\">\n\t\t\t\t<div class=\"elementor-element elementor-element-59f5cd9 animated-slow elementor-invisible elementor-widget elementor-widget-realarsectiontitle\" data-id=\"59f5cd9\" data-element_type=\"widget\" data-settings=\"{&quot;_animation&quot;:&quot;fadeIn&quot;,&quot;_animation_delay&quot;:300}\" data-widget_type=\"realarsectiontitle.default\">\n\t\t\t\t<div class=\"elementor-widget-container\">\n\t\t\t\t\t\t\t<div class=\"title-area text-center\">\r\n\t\t\t<h2 class=\"sec-title\">Our contact details<\/h2><p>Do you have a question about accommodation or available dates?\nFill out the form below \u2013 we will get back to you as soon as possible.\nWe look forward to hearing from you!<\/p>\t\t<\/div>\r\n\r\n\t\t\t\t\t<\/div>\n\t\t\t\t<\/div>\n\t\t\t\t<div class=\"elementor-element elementor-element-b7b0d9d elementor-widget elementor-widget-realarcontactinfo\" data-id=\"b7b0d9d\" data-element_type=\"widget\" data-widget_type=\"realarcontactinfo.default\">\n\t\t\t\t<div class=\"elementor-widget-container\">\n\t\t\t\t\t<div class=\"row gy-4 justify-content-center\"><div class=\"col-xl-4 col-lg-6\"><div class=\"about-contact-grid style2\"><div class=\"about-contact-icon\"><i class=\"fal fa-location-dot\"><\/i><\/div><div class=\"about-contact-details\"><h6 class=\"about-contact-details-title title\">Address<\/h6><div class=\"info\"><p class=\"about-contact-details-text\"><a href=\"https:\/\/maps.app.goo.gl\/kfyEU6pTkSbqU9Es6\">Ul. Jurja Dobrile 31, 51000,\u00a0Rijeka<\/a><\/p><\/div><\/div><\/div><\/div><div class=\"col-xl-4 col-lg-6\"><div class=\"about-contact-grid style2\"><div class=\"about-contact-icon\"><i class=\"fal fa-phone\"><\/i><\/div><div class=\"about-contact-details\"><h6 class=\"about-contact-details-title title\">Contact<\/h6><div class=\"info\"><p><a href=\"tel: 385919361083\">+385 91 936 1083<\/a><br \/><a href=\"tel: 385 91 9269487\">+385 91 926 9487<\/a><\/p><\/div><\/div><\/div><\/div><div class=\"col-xl-4 col-lg-6\"><div class=\"about-contact-grid style2\"><div class=\"about-contact-icon\"><i class=\"fal fa-envelope\"><\/i><\/div><div class=\"about-contact-details\"><h6 class=\"about-contact-details-title title\">Email<\/h6><div class=\"info\"><p><a href=\"mailto:marina3seifert@gmail.com\">marina3seifert@gmail.com<\/a><\/p><\/div><\/div><\/div><\/div><\/div>\t\t\t\t<\/div>\n\t\t\t\t<\/div>\n\t\t\t\t\t<\/div>\n\t\t\t\t<\/div>\n\t\t\t\t<\/div>\n\t\t<div class=\"elementor-element elementor-element-63e1169 e-con-full e-flex e-con e-parent\" data-id=\"63e1169\" data-element_type=\"container\" data-settings=\"{&quot;background_background&quot;:&quot;classic&quot;}\">\n\t\t\t\t<div class=\"elementor-element elementor-element-d076773 elementor-widget elementor-widget-realarshapeimage\" data-id=\"d076773\" data-element_type=\"widget\" data-widget_type=\"realarshapeimage.default\">\n\t\t\t\t<div class=\"elementor-widget-container\">\n\t\t\t\t\t<!-- Image --><div class=\"shape-mockup  jump d-xl-block d-none\" data-top=\"60%\" data-left=\"0.1%\"><img decoding=\"async\" src=\"https:\/\/villa-vrata-jadrana.com\/wp-content\/uploads\/2025\/10\/phone-1.png\" alt=\"Shape Image\" ><\/div><!-- End Image -->\t\t\t\t<\/div>\n\t\t\t\t<\/div>\n\t\t<div class=\"elementor-element elementor-element-74df1d8 e-flex e-con-boxed e-con e-child\" data-id=\"74df1d8\" data-element_type=\"container\" data-settings=\"{&quot;background_background&quot;:&quot;classic&quot;}\">\n\t\t\t\t\t<div class=\"e-con-inner\">\n\t\t<div class=\"elementor-element elementor-element-95c08e6 e-con-full e-flex e-con e-child\" data-id=\"95c08e6\" data-element_type=\"container\">\n\t\t\t\t<div class=\"elementor-element elementor-element-50f91ac elementor-invisible elementor-widget elementor-widget-realarcontactform\" data-id=\"50f91ac\" data-element_type=\"widget\" data-settings=\"{&quot;_animation&quot;:&quot;fadeInLeft&quot;,&quot;_animation_delay&quot;:200}\" data-widget_type=\"realarcontactform.default\">\n\t\t\t\t<div class=\"elementor-widget-container\">\n\t\t\t\t\t<div class=\"appointment-wrap2 bg\"><h2 class=\"form-title text-white\">Contact us<\/h2>\n<div class=\"wpcf7 no-js\" id=\"wpcf7-f1911-o1\" lang=\"en-US\" dir=\"ltr\" data-wpcf7-id=\"1911\">\n<div class=\"screen-reader-response\"><p role=\"status\" aria-live=\"polite\" aria-atomic=\"true\"><\/p> <ul><\/ul><\/div>\n<form action=\"\/en\/wp-json\/wp\/v2\/pages\/1519#wpcf7-f1911-o1\" method=\"post\" class=\"wpcf7-form init\" aria-label=\"Contact form\" novalidate=\"novalidate\" data-status=\"init\" data-trp-original-action=\"\/en\/wp-json\/wp\/v2\/pages\/1519#wpcf7-f1911-o1\">\n<fieldset class=\"hidden-fields-container\"><input type=\"hidden\" name=\"_wpcf7\" value=\"1911\" \/><input type=\"hidden\" name=\"_wpcf7_version\" value=\"6.1.2\" \/><input type=\"hidden\" name=\"_wpcf7_locale\" value=\"en_US\" \/><input type=\"hidden\" name=\"_wpcf7_unit_tag\" value=\"wpcf7-f1911-o1\" \/><input type=\"hidden\" name=\"_wpcf7_container_post\" value=\"0\" \/><input type=\"hidden\" name=\"_wpcf7_posted_data_hash\" value=\"\" \/>\n<\/fieldset>\n<div  class=\"appointment-form\">\n    <div class=\"row\">\n        <div class=\"form-group style-border style-radius col-12\">\n            <span class=\"wpcf7-form-control-wrap\" data-name=\"your-name\"><input size=\"40\" maxlength=\"400\" class=\"wpcf7-form-control wpcf7-text wpcf7-validates-as-required form-control\" id=\"your-name\" aria-required=\"true\" aria-invalid=\"false\" placeholder=\"First and last name*\" value=\"\" type=\"text\" name=\"your-name\" \/><\/span><i class=\"fal fa-user\"><\/i>\n        <\/div>\n        <div class=\"form-group style-border style-radius col-12\">\n            <span class=\"wpcf7-form-control-wrap\" data-name=\"your-email\"><input size=\"40\" maxlength=\"400\" class=\"wpcf7-form-control wpcf7-email wpcf7-validates-as-required wpcf7-text wpcf7-validates-as-email form-control\" id=\"your-email\" aria-required=\"true\" aria-invalid=\"false\" placeholder=\"Email*\" value=\"\" type=\"email\" name=\"your-email\" \/><\/span><i class=\"fal fa-envelope\"><\/i>\n        <\/div>\n        <div class=\"form-group style-border style-radius col-12\">\n            <span class=\"wpcf7-form-control-wrap\" data-name=\"your-phone\"><input size=\"40\" maxlength=\"400\" class=\"wpcf7-form-control wpcf7-tel wpcf7-validates-as-required wpcf7-text wpcf7-validates-as-tel form-control\" id=\"your-phone\" aria-required=\"true\" aria-invalid=\"false\" placeholder=\"Contact number\" value=\"\" type=\"tel\" name=\"your-phone\" \/><\/span><i class=\"fal fa-phone\"><\/i>\n        <\/div>\n        <div class=\"col-12 form-group style-border style-radius\">\n            <i class=\"far fa-comments\"><\/i>\n            <span class=\"wpcf7-form-control-wrap\" data-name=\"your-message\"><textarea cols=\"40\" rows=\"10\" maxlength=\"2000\" class=\"wpcf7-form-control wpcf7-textarea form-control\" id=\"your-message\" aria-invalid=\"false\" placeholder=\"Your message\" name=\"your-message\"><\/textarea><\/span>\n        <\/div>\n        <div class=\"col-12 form-btn mt-4\">\n            <button class=\"th-btn th-custom-icon\">Send<span class=\"btn-icon\"><\/span><\/button>\n        <\/div>\n    <\/div>\n    <p class=\"form-messages mb-0 mt-3\"><\/p>\n<\/div><div class=\"wpcf7-response-output\" aria-hidden=\"true\"><\/div>\n<input type=\"hidden\" name=\"trp-form-language\" value=\"en\"\/><\/form>\n<\/div>\n<\/div>\t\t\t\t<\/div>\n\t\t\t\t<\/div>\n\t\t\t\t<\/div>\n\t\t<div class=\"elementor-element elementor-element-f4f1a07 e-con-full location-map contact-sec-map e-flex e-con e-child\" data-id=\"f4f1a07\" data-element_type=\"container\">\n\t\t\t\t<div class=\"elementor-element elementor-element-3fbe1db elementor-invisible elementor-widget elementor-widget-google_maps\" data-id=\"3fbe1db\" data-element_type=\"widget\" data-settings=\"{&quot;_animation&quot;:&quot;zoomIn&quot;,&quot;_animation_delay&quot;:300}\" data-widget_type=\"google_maps.default\">\n\t\t\t\t\t\t\t<div class=\"elementor-custom-embed\">\n\t\t\t<iframe loading=\"lazy\"\n\t\t\t\t\tsrc=\"https:\/\/maps.google.com\/maps?q=Villa%20Vrata%20Jadrana&#038;t=m&#038;z=10&#038;output=embed&#038;iwloc=near\"\n\t\t\t\t\ttitle=\"Villa Vrata Jadrana\"\n\t\t\t\t\taria-label=\"Villa Vrata Jadrana\"\n\t\t\t><\/iframe>\n\t\t<\/div>\n\t\t\t\t\t\t<\/div>\n\t\t\t\t<\/div>\n\t\t\t\t\t<\/div>\n\t\t\t\t<\/div>\n\t\t\t\t<\/div>\n\t\t\t\t<\/div>","protected":false},"excerpt":{"rendered":"<p>Na\u0161i kontakt podatci Imate pitanje o smje\u0161taju ili dostupnim terminima? Ispunite obrazac u nastavku \u2013 javit \u0107emo Vam se u najkra\u0107em mogu\u0107em roku. Veselimo se va\u0161oj poruci! Adresa Ul. Jurja Dobrile 31, 51000,\u00a0Rijeka Kontakt broj +385 91 936 1083+385 91 926 9487 Email marina3seifert@gmail.com Kontaktirajte nas Po\u0161alji<\/p>","protected":false},"author":1,"featured_media":5650,"parent":0,"menu_order":0,"comment_status":"closed","ping_status":"closed","template":"template-builder.php","meta":{"footnotes":""},"class_list":["post-1519","page","type-page","status-publish","has-post-thumbnail","hentry"],"yoast_head":"<!-- This site is optimized with the Yoast SEO plugin v26.2 - https:\/\/yoast.com\/wordpress\/plugins\/seo\/ -->\n<title>Kontakt Villa Vrata Jadrana \u2013 Rezervirajte svoj boravak u Rijeci<\/title>\n<meta name=\"description\" content=\"Kontaktirajte Villa Vrata Jadrana za rezervacije, dostupnost i dodatne informacije. Luksuzna vila u Rijeci s pogledom na more \u2013 po\u0161aljite upit i osigurajte svoj savr\u0161en odmor.\" \/>\n<meta name=\"robots\" content=\"index, follow, max-snippet:-1, max-image-preview:large, max-video-preview:-1\" \/>\n<link rel=\"canonical\" href=\"https:\/\/villa-vrata-jadrana.com\/en\/contact\/\" \/>\n<meta property=\"og:locale\" content=\"en_GB\" \/>\n<meta property=\"og:type\" content=\"article\" \/>\n<meta property=\"og:title\" content=\"Kontakt Villa Vrata Jadrana \u2013 Rezervirajte svoj boravak u Rijeci\" \/>\n<meta property=\"og:description\" content=\"Kontaktirajte Villa Vrata Jadrana za rezervacije, dostupnost i dodatne informacije. Luksuzna vila u Rijeci s pogledom na more \u2013 po\u0161aljite upit i osigurajte svoj savr\u0161en odmor.\" \/>\n<meta property=\"og:url\" content=\"https:\/\/villa-vrata-jadrana.com\/en\/contact\/\" \/>\n<meta property=\"og:site_name\" content=\"Villa Vrata Jadrana\" \/>\n<meta property=\"article:modified_time\" content=\"2025-10-31T19:00:22+00:00\" \/>\n<meta name=\"twitter:card\" content=\"summary_large_image\" \/>\n<meta name=\"twitter:label1\" content=\"Estimated reading time\" \/>\n\t<meta name=\"twitter:data1\" content=\"1 minute\" \/>\n<script type=\"application\/ld+json\" class=\"yoast-schema-graph\">{\"@context\":\"https:\/\/schema.org\",\"@graph\":[{\"@type\":\"WebPage\",\"@id\":\"https:\/\/villa-vrata-jadrana.com\/contact\/\",\"url\":\"https:\/\/villa-vrata-jadrana.com\/contact\/\",\"name\":\"Kontakt Villa Vrata Jadrana \u2013 Rezervirajte svoj boravak u Rijeci\",\"isPartOf\":{\"@id\":\"https:\/\/villa-vrata-jadrana.com\/#website\"},\"primaryImageOfPage\":{\"@id\":\"https:\/\/villa-vrata-jadrana.com\/contact\/#primaryimage\"},\"image\":{\"@id\":\"https:\/\/villa-vrata-jadrana.com\/contact\/#primaryimage\"},\"thumbnailUrl\":\"https:\/\/villa-vrata-jadrana.com\/wp-content\/uploads\/2025\/10\/d9d45923-d73f-4318-86ba-f2dcc64188ee.avif\",\"datePublished\":\"2024-05-28T06:21:43+00:00\",\"dateModified\":\"2025-10-31T19:00:22+00:00\",\"description\":\"Kontaktirajte Villa Vrata Jadrana za rezervacije, dostupnost i dodatne informacije. Luksuzna vila u Rijeci s pogledom na more \u2013 po\u0161aljite upit i osigurajte svoj savr\u0161en odmor.\",\"breadcrumb\":{\"@id\":\"https:\/\/villa-vrata-jadrana.com\/contact\/#breadcrumb\"},\"inLanguage\":\"en-GB\",\"potentialAction\":[{\"@type\":\"ReadAction\",\"target\":[\"https:\/\/villa-vrata-jadrana.com\/contact\/\"]}]},{\"@type\":\"ImageObject\",\"inLanguage\":\"en-GB\",\"@id\":\"https:\/\/villa-vrata-jadrana.com\/contact\/#primaryimage\",\"url\":\"https:\/\/villa-vrata-jadrana.com\/wp-content\/uploads\/2025\/10\/d9d45923-d73f-4318-86ba-f2dcc64188ee.avif\",\"contentUrl\":\"https:\/\/villa-vrata-jadrana.com\/wp-content\/uploads\/2025\/10\/d9d45923-d73f-4318-86ba-f2dcc64188ee.avif\",\"width\":1440,\"height\":1080},{\"@type\":\"BreadcrumbList\",\"@id\":\"https:\/\/villa-vrata-jadrana.com\/contact\/#breadcrumb\",\"itemListElement\":[{\"@type\":\"ListItem\",\"position\":1,\"name\":\"Po\u010detna stranica\",\"item\":\"https:\/\/villa-vrata-jadrana.com\/\"},{\"@type\":\"ListItem\",\"position\":2,\"name\":\"Kontakt\"}]},{\"@type\":\"WebSite\",\"@id\":\"https:\/\/villa-vrata-jadrana.com\/#website\",\"url\":\"https:\/\/villa-vrata-jadrana.com\/\",\"name\":\"Villa Vrata Jadrana\",\"description\":\"Odmor Iz Snova\",\"publisher\":{\"@id\":\"https:\/\/villa-vrata-jadrana.com\/#organization\"},\"potentialAction\":[{\"@type\":\"SearchAction\",\"target\":{\"@type\":\"EntryPoint\",\"urlTemplate\":\"https:\/\/villa-vrata-jadrana.com\/?s={search_term_string}\"},\"query-input\":{\"@type\":\"PropertyValueSpecification\",\"valueRequired\":true,\"valueName\":\"search_term_string\"}}],\"inLanguage\":\"en-GB\"},{\"@type\":\"Organization\",\"@id\":\"https:\/\/villa-vrata-jadrana.com\/#organization\",\"name\":\"Villa Vrata Jadrana\",\"url\":\"https:\/\/villa-vrata-jadrana.com\/\",\"logo\":{\"@type\":\"ImageObject\",\"inLanguage\":\"en-GB\",\"@id\":\"https:\/\/villa-vrata-jadrana.com\/#\/schema\/logo\/image\/\",\"url\":\"https:\/\/villa-vrata-jadrana.com\/wp-content\/uploads\/2024\/05\/vrata-jadrana-logo-black.png\",\"contentUrl\":\"https:\/\/villa-vrata-jadrana.com\/wp-content\/uploads\/2024\/05\/vrata-jadrana-logo-black.png\",\"width\":695,\"height\":192,\"caption\":\"Villa Vrata Jadrana\"},\"image\":{\"@id\":\"https:\/\/villa-vrata-jadrana.com\/#\/schema\/logo\/image\/\"}}]}<\/script>\n<!-- \/ Yoast SEO plugin. -->","yoast_head_json":{"title":"Kontakt Villa Vrata Jadrana \u2013 Rezervirajte svoj boravak u Rijeci","description":"Kontaktirajte Villa Vrata Jadrana za rezervacije, dostupnost i dodatne informacije. Luksuzna vila u Rijeci s pogledom na more \u2013 po\u0161aljite upit i osigurajte svoj savr\u0161en odmor.","robots":{"index":"index","follow":"follow","max-snippet":"max-snippet:-1","max-image-preview":"max-image-preview:large","max-video-preview":"max-video-preview:-1"},"canonical":"https:\/\/villa-vrata-jadrana.com\/en\/contact\/","og_locale":"en_GB","og_type":"article","og_title":"Kontakt Villa Vrata Jadrana \u2013 Rezervirajte svoj boravak u Rijeci","og_description":"Kontaktirajte Villa Vrata Jadrana za rezervacije, dostupnost i dodatne informacije. Luksuzna vila u Rijeci s pogledom na more \u2013 po\u0161aljite upit i osigurajte svoj savr\u0161en odmor.","og_url":"https:\/\/villa-vrata-jadrana.com\/en\/contact\/","og_site_name":"Villa Vrata Jadrana","article_modified_time":"2025-10-31T19:00:22+00:00","twitter_card":"summary_large_image","twitter_misc":{"Estimated reading time":"1 minute"},"schema":{"@context":"https:\/\/schema.org","@graph":[{"@type":"WebPage","@id":"https:\/\/villa-vrata-jadrana.com\/contact\/","url":"https:\/\/villa-vrata-jadrana.com\/contact\/","name":"Kontakt Villa Vrata Jadrana \u2013 Rezervirajte svoj boravak u Rijeci","isPartOf":{"@id":"https:\/\/villa-vrata-jadrana.com\/#website"},"primaryImageOfPage":{"@id":"https:\/\/villa-vrata-jadrana.com\/contact\/#primaryimage"},"image":{"@id":"https:\/\/villa-vrata-jadrana.com\/contact\/#primaryimage"},"thumbnailUrl":"https:\/\/villa-vrata-jadrana.com\/wp-content\/uploads\/2025\/10\/d9d45923-d73f-4318-86ba-f2dcc64188ee.avif","datePublished":"2024-05-28T06:21:43+00:00","dateModified":"2025-10-31T19:00:22+00:00","description":"Kontaktirajte Villa Vrata Jadrana za rezervacije, dostupnost i dodatne informacije. Luksuzna vila u Rijeci s pogledom na more \u2013 po\u0161aljite upit i osigurajte svoj savr\u0161en odmor.","breadcrumb":{"@id":"https:\/\/villa-vrata-jadrana.com\/contact\/#breadcrumb"},"inLanguage":"en-GB","potentialAction":[{"@type":"ReadAction","target":["https:\/\/villa-vrata-jadrana.com\/contact\/"]}]},{"@type":"ImageObject","inLanguage":"en-GB","@id":"https:\/\/villa-vrata-jadrana.com\/contact\/#primaryimage","url":"https:\/\/villa-vrata-jadrana.com\/wp-content\/uploads\/2025\/10\/d9d45923-d73f-4318-86ba-f2dcc64188ee.avif","contentUrl":"https:\/\/villa-vrata-jadrana.com\/wp-content\/uploads\/2025\/10\/d9d45923-d73f-4318-86ba-f2dcc64188ee.avif","width":1440,"height":1080},{"@type":"BreadcrumbList","@id":"https:\/\/villa-vrata-jadrana.com\/contact\/#breadcrumb","itemListElement":[{"@type":"ListItem","position":1,"name":"Po\u010detna stranica","item":"https:\/\/villa-vrata-jadrana.com\/"},{"@type":"ListItem","position":2,"name":"Kontakt"}]},{"@type":"WebSite","@id":"https:\/\/villa-vrata-jadrana.com\/#website","url":"https:\/\/villa-vrata-jadrana.com\/","name":"Villa Vrata Jadrana","description":"Odmor Iz Snova","publisher":{"@id":"https:\/\/villa-vrata-jadrana.com\/#organization"},"potentialAction":[{"@type":"SearchAction","target":{"@type":"EntryPoint","urlTemplate":"https:\/\/villa-vrata-jadrana.com\/?s={search_term_string}"},"query-input":{"@type":"PropertyValueSpecification","valueRequired":true,"valueName":"search_term_string"}}],"inLanguage":"en-GB"},{"@type":"Organization","@id":"https:\/\/villa-vrata-jadrana.com\/#organization","name":"Villa Vrata Jadrana","url":"https:\/\/villa-vrata-jadrana.com\/","logo":{"@type":"ImageObject","inLanguage":"en-GB","@id":"https:\/\/villa-vrata-jadrana.com\/#\/schema\/logo\/image\/","url":"https:\/\/villa-vrata-jadrana.com\/wp-content\/uploads\/2024\/05\/vrata-jadrana-logo-black.png","contentUrl":"https:\/\/villa-vrata-jadrana.com\/wp-content\/uploads\/2024\/05\/vrata-jadrana-logo-black.png","width":695,"height":192,"caption":"Villa Vrata Jadrana"},"image":{"@id":"https:\/\/villa-vrata-jadrana.com\/#\/schema\/logo\/image\/"}}]}},"_links":{"self":[{"href":"https:\/\/villa-vrata-jadrana.com\/en\/wp-json\/wp\/v2\/pages\/1519","targetHints":{"allow":["GET"]}}],"collection":[{"href":"https:\/\/villa-vrata-jadrana.com\/en\/wp-json\/wp\/v2\/pages"}],"about":[{"href":"https:\/\/villa-vrata-jadrana.com\/en\/wp-json\/wp\/v2\/types\/page"}],"author":[{"embeddable":true,"href":"https:\/\/villa-vrata-jadrana.com\/en\/wp-json\/wp\/v2\/users\/1"}],"replies":[{"embeddable":true,"href":"https:\/\/villa-vrata-jadrana.com\/en\/wp-json\/wp\/v2\/comments?post=1519"}],"version-history":[{"count":79,"href":"https:\/\/villa-vrata-jadrana.com\/en\/wp-json\/wp\/v2\/pages\/1519\/revisions"}],"predecessor-version":[{"id":5816,"href":"https:\/\/villa-vrata-jadrana.com\/en\/wp-json\/wp\/v2\/pages\/1519\/revisions\/5816"}],"wp:featuredmedia":[{"embeddable":true,"href":"https:\/\/villa-vrata-jadrana.com\/en\/wp-json\/wp\/v2\/media\/5650"}],"wp:attachment":[{"href":"https:\/\/villa-vrata-jadrana.com\/en\/wp-json\/wp\/v2\/media?parent=1519"}],"curies":[{"name":"wp","href":"https:\/\/api.w.org\/{rel}","templated":true}]}}